{"id":1879,"date":"2022-10-11T07:50:43","date_gmt":"2022-10-11T07:50:43","guid":{"rendered":"https:\/\/oceano.usal.es\/?page_id=1879"},"modified":"2024-04-11T23:55:32","modified_gmt":"2024-04-11T23:55:32","slug":"andres_rigual","status":"publish","type":"page","link":"https:\/\/oceano.usal.es\/en\/andres_rigual\/","title":{"rendered":"(Espa\u00f1ol) Andr\u00e9s S. Rigual Hern\u00e1ndez"},"content":{"rendered":"<p class=\"qtranxs-available-languages-message qtranxs-available-languages-message-en\">Sorry, this entry is only available in <a href=\"https:\/\/oceano.usal.es\/es\/wp-json\/wp\/v2\/pages\/1879\" class=\"qtranxs-available-language-link qtranxs-available-language-link-es\" title=\"Espa\u00f1ol\">Espa\u00f1ol<\/a>.<\/p>","protected":false},"excerpt":{"rendered":"<p>Sorry, this entry is only available in Espa\u00f1ol.<\/p>\n","protected":false},"author":13,"featured_media":0,"parent":0,"menu_order":0,"comment_status":"closed","ping_status":"closed","template":"","meta":{"footnotes":""},"class_list":["post-1879","page","type-page","status-publish","hentry"],"aioseo_notices":[],"_links":{"self":[{"href":"https:\/\/oceano.usal.es\/en\/wp-json\/wp\/v2\/pages\/1879","targetHints":{"allow":["GET"]}}],"collection":[{"href":"https:\/\/oceano.usal.es\/en\/wp-json\/wp\/v2\/pages"}],"about":[{"href":"https:\/\/oceano.usal.es\/en\/wp-json\/wp\/v2\/types\/page"}],"author":[{"embeddable":true,"href":"https:\/\/oceano.usal.es\/en\/wp-json\/wp\/v2\/users\/13"}],"replies":[{"embeddable":true,"href":"https:\/\/oceano.usal.es\/en\/wp-json\/wp\/v2\/comments?post=1879"}],"version-history":[{"count":20,"href":"https:\/\/oceano.usal.es\/en\/wp-json\/wp\/v2\/pages\/1879\/revisions"}],"predecessor-version":[{"id":1972,"href":"https:\/\/oceano.usal.es\/en\/wp-json\/wp\/v2\/pages\/1879\/revisions\/1972"}],"wp:attachment":[{"href":"https:\/\/oceano.usal.es\/en\/wp-json\/wp\/v2\/media?parent=1879"}],"curies":[{"name":"wp","href":"https:\/\/api.w.org\/{rel}","templated":true}]}}