{"id":183,"date":"2017-10-17T17:36:22","date_gmt":"2017-10-17T17:36:22","guid":{"rendered":"http:\/\/oceano.usal.es\/?page_id=183"},"modified":"2024-04-05T08:54:22","modified_gmt":"2024-04-05T08:54:22","slug":"colaboradores","status":"publish","type":"page","link":"https:\/\/oceano.usal.es\/en\/colaboradores\/","title":{"rendered":"Collaborations"},"content":{"rendered":"<p><strong><span style=\"color: #c21f1f; font-size: 18pt;\">FORMER PhD STUDENTS<\/span><\/strong><\/p>\n<p><span style=\"color: #ffffff;\">&#8212;&#8211;<\/span><\/p>\n<table style=\"border-color: #ffffff;\">\n<tbody>\n<tr>\n<td style=\"height: 50px; border-color: #ffffff;\"><span style=\"font-size: 14pt;\">Alonso Garc\u00eda,\u00a0<span style=\"color: #bf0808;\">Montserrat<\/span><\/span><\/td>\n<td style=\"height: 50px; border-color: #ffffff;\"><span style=\"font-size: 14pt; color: #d92727;\"><a style=\"color: #d92727;\" href=\"mailto:montserrat.alonso@ipma.pt\">E-mail<\/a><\/span><\/td>\n<\/tr>\n<tr>\n<td style=\"height: 50px; border-color: #ffffff;\"><span style=\"font-size: 14pt;\">Cortina,\u00a0<span style=\"color: #bf0808;\">Aleix<\/span><\/span><\/td>\n<td style=\"height: 50px; border-color: #ffffff;\"><span style=\"font-size: 14pt; color: #d92727;\"><a style=\"color: #d92727;\" href=\"mailto:acortina@usal.es\">E-mail<\/a>\u00a0 \u00a0<\/span><\/td>\n<\/tr>\n<tr>\n<td style=\"height: 50px; border-color: #ffffff;\"><span style=\"font-size: 14pt;\">Fuertes Prieto,\u00a0<span style=\"color: #bf0808;\">Miguel \u00c1ngel<\/span><\/span><\/td>\n<td style=\"height: 50px; border-color: #ffffff;\"><span style=\"font-size: 14pt; color: #d92727;\"><a style=\"color: #d92727;\" href=\"mailto:fuertes@usal.es\">E-mail<\/a><\/span><\/td>\n<\/tr>\n<tr>\n<td style=\"height: 50px; border-color: #ffffff;\"><span style=\"font-size: 14pt;\">Colmenero Hidalgo,\u00a0<span style=\"color: #bf0808;\">Elena<\/span><\/span><\/td>\n<td style=\"height: 50px; border-color: #ffffff;\"><span style=\"font-size: 14pt; color: #d92727;\"><a style=\"color: #d92727;\" href=\"mailto:fuertes@usal.es\">E-mail<\/a><\/span><\/td>\n<\/tr>\n<tr>\n<td style=\"height: 50px; border-color: #ffffff;\"><span style=\"font-size: 14pt;\">Martin Garc\u00eda,<span style=\"color: #bf0808;\">\u00a0Gloria Mar\u00eda<\/span><\/span><\/td>\n<td style=\"height: 50px; border-color: #ffffff;\"><span style=\"font-size: 14pt; color: #d92727;\"><a style=\"color: #d92727;\" href=\"mailto:gm.martin@usal.es\">E-mail<\/a><\/span><\/td>\n<\/tr>\n<tr>\n<td style=\"height: 50px; border-color: #ffffff;\"><span style=\"font-size: 14pt;\">Mart\u00ednez S\u00e1nchez<span style=\"color: #bf0808;\">,\u00a0Marta\u00a0<\/span><\/span><\/td>\n<td style=\"height: 50px; border-color: #ffffff;\"><span style=\"font-size: 14pt; color: #d92727;\"><a style=\"color: #d92727;\" href=\"mailto:martinezsanchez.marta@gmail.com\">E-mail<\/a><\/span><\/td>\n<\/tr>\n<\/tbody>\n<\/table>\n<p><span style=\"color: #ffffff;\">&#8211;<\/span><\/p>\n<p><strong><span style=\"color: #c21f1f; font-size: 18pt;\">INSTITUTIONS AND UNIVERSITIES<\/span><\/strong><\/p>\n<p><span style=\"color: #ffffff;\">&#8211;<\/span><\/p>\n<table class=\" aligncenter\" style=\"border-color: #ffffff;\" width=\"1100\">\n<tbody>\n<tr style=\"height: 60px;\">\n<td style=\"width: 350px; border-color: #ffffff; height: 80px; text-align: center; vertical-align: middle;\" width=\"557\"><a href=\"https:\/\/www.ipma.pt\/pt\/index.html\"><span style=\"font-size: 14pt; color: #d62727;\">Instituto Portugues do Mar e da Atmosfera<\/span><\/a><\/p>\n<p><span style=\"color: #000000; font-size: 14pt;\"><span style=\"color: #d62727;\"><a style=\"color: #d62727;\" href=\"http:\/\/www.ub.edu\/web\/ub\/es\/index.html?\"><strong>UB<\/strong><\/a>-Universidad<\/span> de Barcelona<\/span><\/td>\n<td style=\"width: 80px; border-color: #ffffff; height: 80px; text-align: center; vertical-align: middle;\" width=\"557\"><\/td>\n<td style=\"width: 350px; border-color: #ffffff; height: 80px; text-align: center; vertical-align: middle;\" width=\"417\"><a href=\"https:\/\/www.ccmar.ualg.pt\/\"><span style=\"font-size: 14pt; color: #d62727;\">Centro de Ciencias do Mar<\/span><\/a><\/p>\n<p><strong><span style=\"color: #d62727;\"><a style=\"color: #d62727;\" href=\"https:\/\/www.wvu.edu\/\"><span style=\"font-size: 14pt;\">West Virginia University<\/span><\/a><\/span><\/strong><\/td>\n<\/tr>\n<tr style=\"height: 60px;\">\n<td style=\"width: 350px; border-color: #ffffff; height: 80px; text-align: center; vertical-align: middle;\"><span style=\"color: #d62727;\"><a style=\"color: #d62727;\" href=\"https:\/\/www.uu.nl\/en\"><strong><span style=\"font-size: 14pt;\">Utrecht University<\/span><\/strong><\/a><\/span><\/td>\n<td style=\"width: 80px; border-color: #ffffff; height: 80px; text-align: center; vertical-align: middle;\"><\/td>\n<td style=\"width: 350px; border-color: #ffffff; height: 80px; text-align: center; vertical-align: middle;\"><span style=\"color: #d62727;\"><strong><a style=\"color: #d62727;\" href=\"http:\/\/www.uaaan.mx\/v3\/index.php\"><span style=\"font-size: 14pt;\">Universidad Autonoma Antonio Narro<\/span><\/a><\/strong><\/span><\/td>\n<\/tr>\n<tr style=\"height: 60px;\">\n<td style=\"width: 350px; border-color: #ffffff; height: 80px; text-align: center; vertical-align: middle;\"><span style=\"color: #000000; font-size: 14pt;\"><span style=\"color: #d62727;\"><a style=\"color: #d62727;\" href=\"http:\/\/www.cnrs.fr\/\"><strong>CNRS<\/strong><\/a><\/span>-Centre National de la Recherche Scientifique<\/span><\/td>\n<td style=\"width: 80px; border-color: #ffffff; height: 80px; text-align: center; vertical-align: middle;\"><\/td>\n<td style=\"width: 350px; border-color: #ffffff; height: 80px; text-align: center; vertical-align: middle;\"><span style=\"color: #000000; font-size: 14pt;\"><span style=\"color: #d62727;\"><strong><a style=\"color: #d62727;\" href=\"http:\/\/www.inra.fr\/\">INRA<\/a><\/strong><\/span>-Institut National de la Recherche Agronomique<\/span><\/td>\n<\/tr>\n<tr style=\"height: 60px;\">\n<td style=\"width: 350px; border-color: #ffffff; height: 80px; text-align: center; vertical-align: middle;\"><span style=\"color: #d62727;\"><a style=\"color: #d62727;\" href=\"https:\/\/www.cam.ac.uk\/\"><strong><span style=\"font-size: 14pt;\">University of Cambridge<\/span><\/strong><\/a><\/span><\/td>\n<td style=\"width: 80px; border-color: #ffffff; height: 80px; text-align: center; vertical-align: middle;\"><\/td>\n<td style=\"width: 350px; border-color: #ffffff; height: 80px; text-align: center; vertical-align: middle;\"><strong><span style=\"color: #d62727;\"><a style=\"color: #d62727;\" href=\"https:\/\/www.universityofcalifornia.edu\/uc-system\"><span style=\"font-size: 14pt;\">University of California System<\/span><\/a><\/span><\/strong><\/td>\n<\/tr>\n<tr style=\"height: 60px;\">\n<td style=\"width: 350px; border-color: #ffffff; height: 80px; text-align: center; vertical-align: middle;\"><span style=\"color: #d62727;\"><strong><a style=\"color: #d62727;\" href=\"http:\/\/www.flbog.edu\/\"><span style=\"font-size: 14pt;\">State University System of Florida<\/span><\/a><\/strong><\/span><\/td>\n<td style=\"width: 80px; border-color: #ffffff; height: 80px; text-align: center; vertical-align: middle;\"><\/td>\n<td style=\"width: 350px; border-color: #ffffff; height: 80px; text-align: center; vertical-align: middle;\"><span style=\"color: #000000; font-size: 14pt;\"><span style=\"color: #d62727;\"><strong><a style=\"color: #d62727;\" href=\"https:\/\/www.unam.mx\/\">UNAM<\/a><\/strong><\/span>-Universidad Nacional Aut\u00f3noma de M\u00e9xico.<\/span><\/td>\n<\/tr>\n<tr style=\"height: 60px;\">\n<td style=\"width: 350px; border-color: #ffffff; height: 80px; text-align: center; vertical-align: middle;\"><span style=\"color: #000000; font-size: 14pt;\"><span style=\"color: #d62727;\"><strong><a style=\"color: #d62727;\" href=\"https:\/\/www.univ-perp.fr\/\">University of Perpignan<\/a><\/strong><\/span>\u00a0Via Domitia<\/span><\/td>\n<td style=\"width: 80px; border-color: #ffffff; height: 80px; text-align: center; vertical-align: middle;\"><\/td>\n<td style=\"width: 350px; border-color: #ffffff; height: 80px; text-align: center; vertical-align: middle;\"><strong><span style=\"color: #d62727;\"><a style=\"color: #d62727;\" href=\"https:\/\/www.univ-tours.fr\/\"><span style=\"font-size: 14pt;\">University of Fran\u00e7ois-Rabelais de Tours<\/span><\/a><\/span><\/strong><\/td>\n<\/tr>\n<tr style=\"height: 60px;\">\n<td style=\"width: 350px; border-color: #ffffff; height: 80px; text-align: center; vertical-align: middle;\"><span style=\"color: #000000; font-size: 14pt;\"><strong><span style=\"color: #d62727;\"><a style=\"color: #d62727;\" href=\"http:\/\/www.ictja.csic.es\/\">ICTJA<\/a><\/span><\/strong>-Instituto de Ciencias de la Tierra Jaume Almera<\/span><\/td>\n<td style=\"width: 80px; border-color: #ffffff; height: 80px; text-align: center; vertical-align: middle;\"><\/td>\n<td style=\"width: 350px; border-color: #ffffff; height: 80px; text-align: center; vertical-align: middle;\"><span style=\"color: #d62727;\"><a style=\"color: #d62727;\" href=\"http:\/\/www.us.es\/\"><strong><span style=\"font-size: 14pt;\">Universidad de Sevilla<\/span><\/strong><\/a><\/span><\/td>\n<\/tr>\n<tr style=\"height: 60px;\">\n<td style=\"width: 350px; border-color: #ffffff; height: 80px; text-align: center; vertical-align: middle;\"><span style=\"color: #d62727;\"><strong><a style=\"color: #d62727;\" href=\"http:\/\/www.uni-bremen.de\/en.html\"><span style=\"font-size: 14pt;\">University of Bremen<\/span><\/a><\/strong><\/span><\/td>\n<td style=\"width: 80px; border-color: #ffffff; height: 80px; text-align: center; vertical-align: middle;\"><\/td>\n<td style=\"width: 350px; border-color: #ffffff; height: 80px; text-align: center; vertical-align: middle;\"><strong><span style=\"color: #d62727;\"><a style=\"color: #d62727;\" href=\"http:\/\/www.mnhn.fr\/en\"><span style=\"font-size: 14pt;\">French National Museum of Natural History<\/span><\/a><\/span><\/strong><\/td>\n<\/tr>\n<tr style=\"height: 60px;\">\n<td style=\"width: 350px; border-color: #ffffff; height: 80px; text-align: center; vertical-align: middle;\"><span style=\"color: #000000; font-size: 14pt;\"><span style=\"color: #d62727;\"><strong>Universidade de Vigo<\/strong><\/span>\u00a0\u2013 Facultade de Ciencias do Mar<\/span><\/td>\n<td style=\"width: 80px; border-color: #ffffff; height: 80px; text-align: center; vertical-align: middle;\"><\/td>\n<td style=\"width: 350px; border-color: #ffffff; height: 80px; text-align: center; vertical-align: middle;\"><span style=\"color: #d62727;\"><strong><a style=\"color: #d62727;\" href=\"http:\/\/www.sorbonne-universites.fr\/\"><span style=\"font-size: 14pt;\">Sorbonne Universit\u00e9s<\/span><\/a><\/strong><\/span><\/td>\n<\/tr>\n<tr style=\"height: 60px;\">\n<td style=\"width: 350px; border-color: #ffffff; height: 80px; text-align: center; vertical-align: middle;\"><span style=\"color: #000000; font-size: 14pt;\"><span style=\"color: #d62727;\"><a style=\"color: #d62727;\" href=\"http:\/\/www.awi-bremerhaven.de\/\"><strong>AWI\u00a0Alfred<\/strong><\/a><\/span>-Wegener Institut f\u00fcr Polar und Meeresforschung<\/span><\/td>\n<td style=\"width: 80px; border-color: #ffffff; height: 80px; text-align: center; vertical-align: middle;\"><\/td>\n<td style=\"width: 350px; border-color: #ffffff; height: 80px; text-align: center; vertical-align: middle;\"><span style=\"color: #d62727;\"><strong><a style=\"color: #d62727;\" href=\"https:\/\/www.utsystem.edu\/\"><span style=\"font-size: 14pt;\">Texas University System<\/span><\/a><\/strong><\/span><\/td>\n<\/tr>\n<tr style=\"height: 60px;\">\n<td style=\"width: 350px; border-color: #ffffff; height: 80px; text-align: center; vertical-align: middle;\"><span style=\"color: #000000; font-size: 14pt;\"><span style=\"color: #d62727;\"><strong><a style=\"color: #d62727;\" href=\"http:\/\/www.idaea.csic.es\/index.php?lang=es\">IDEA<\/a><\/strong><\/span>-Instituto de Diagnostico Ambiental y Estudios del Agua<\/span><\/td>\n<td style=\"width: 80px; border-color: #ffffff; height: 80px; text-align: center; vertical-align: middle;\"><\/td>\n<td style=\"width: 350px; border-color: #ffffff; height: 80px; text-align: center; vertical-align: middle;\"><span style=\"color: #d62727;\"><strong><a style=\"color: #d62727;\" href=\"http:\/\/www.cayetano.edu.pe\/cayetano\/es\/\"><span style=\"font-size: 14pt;\">Universidad Peruana Cayetano Heredia<\/span><\/a><\/strong><\/span><\/td>\n<\/tr>\n<tr style=\"height: 60px;\">\n<td style=\"width: 350px; border-color: #ffffff; height: 80px; text-align: center; vertical-align: middle;\"><span style=\"color: #d62727;\"><strong><a style=\"color: #d62727;\" href=\"https:\/\/www.royalholloway.ac.uk\/home.aspx\"><span style=\"font-size: 14pt;\">Royal Holloway University of London<\/span><\/a><\/strong><\/span><\/td>\n<td style=\"width: 80px; border-color: #ffffff; height: 80px; text-align: center; vertical-align: middle;\"><\/td>\n<td style=\"width: 350px; border-color: #ffffff; height: 80px; text-align: center; vertical-align: middle;\"><span style=\"color: #000000; font-size: 14pt;\"><span style=\"color: #d62727;\"><strong><a style=\"color: #d62727;\" href=\"http:\/\/www.ifremer.fr\/\">IFREMER<\/a><\/strong><\/span>-Institut fran\u00e7ais de recherche pour l\u2019exploitation de la mer.<\/span><\/td>\n<\/tr>\n<tr style=\"height: 60px;\">\n<td style=\"width: 350px; border-color: #ffffff; height: 80px; text-align: center; vertical-align: middle;\"><span style=\"color: #d62727;\"><strong><a style=\"color: #d62727;\" href=\"http:\/\/www.unibe.ch\/index_eng.html\"><span style=\"font-size: 14pt;\">University of Bern<\/span><\/a><\/strong><\/span><\/td>\n<td style=\"width: 80px; border-color: #ffffff; height: 80px; text-align: center; vertical-align: middle;\"><\/td>\n<td style=\"width: 350px; border-color: #ffffff; height: 80px; text-align: center; vertical-align: middle;\"><span style=\"color: #000000; font-size: 14pt;\"><span style=\"color: #d62727;\"><strong><a style=\"color: #d62727;\" href=\"http:\/\/www.uab.cat\/web\/universitat-autonoma-de-barcelona-1345467954409.html\">UAB<\/a><\/strong><\/span>-Universidad Aut\u00f3noma de Barcelona<\/span><\/td>\n<\/tr>\n<tr style=\"height: 60px;\">\n<td style=\"width: 350px; border-color: #ffffff; height: 80px; text-align: center; vertical-align: middle;\"><span style=\"color: #000000; font-size: 14pt;\"><span style=\"color: #d62727;\"><strong><a style=\"color: #d62727;\" href=\"http:\/\/www.iact.ugr-csic.es\/web_es\/index.html\">IACT<\/a><\/strong><\/span>-Instituto Andaluz de Ciencias de la Tierra<\/span><\/td>\n<td style=\"width: 80px; border-color: #ffffff; height: 80px; text-align: center; vertical-align: middle;\"><\/td>\n<td style=\"width: 350px; border-color: #ffffff; height: 80px; text-align: center; vertical-align: middle;\"><span style=\"color: #000000; font-size: 14pt;\"><span style=\"color: #d62727;\"><strong><a style=\"color: #d62727;\" href=\"http:\/\/www.icm.csic.es\/\">ICM<\/a><\/strong><\/span>-Instituto de Ciencias del Mar<\/span><\/td>\n<\/tr>\n<tr style=\"height: 60px;\">\n<td style=\"width: 350px; border-color: #ffffff; height: 80px; text-align: center; vertical-align: middle;\"><span style=\"color: #000000; font-size: 14pt;\"><a style=\"color: #000000;\" href=\"http:\/\/www.ifm-geomar.de\/\"><span style=\"color: #d62727;\"><strong>IFM-GEOMAR<\/strong><\/span>\u00a0<\/a>Leibniz-Institut f\u00fcr Meereswissenschaften an der Universit\u00e4t Kiel<\/span><\/td>\n<td style=\"width: 80px; border-color: #ffffff; height: 80px; text-align: center; vertical-align: middle;\"><\/td>\n<td style=\"width: 350px; border-color: #ffffff; height: 80px; text-align: center; vertical-align: middle;\"><span style=\"font-size: 14pt;\"><span style=\"color: #d62727;\"><strong style=\"color: #d62727;\"><a style=\"color: #d62727;\" href=\"http:\/\/www.cmima.csic.es\/\">CSIC \u2013 CMIMA<\/a>\u00a0<\/strong><\/span>Centro Mediterr\u00e1neo de investigaciones Marinas y Ambientales<\/span><\/td>\n<\/tr>\n<tr style=\"height: 60px;\">\n<td style=\"width: 350px; border-color: #ffffff; height: 80px; text-align: center; vertical-align: middle;\"><span style=\"color: #000000; font-size: 14pt;\"><span style=\"color: #d62727;\"><strong><a style=\"color: #d62727;\" href=\"http:\/\/images.pclab.ifg.uni-kiel.de\/start.html\">IMAGES<\/a><\/strong><\/span>\u00a0The International Marine Past Global Changes Study<\/span><\/td>\n<td style=\"width: 80px; border-color: #ffffff; height: 80px; text-align: center; vertical-align: middle;\"><\/td>\n<td style=\"width: 350px; border-color: #ffffff; height: 80px; text-align: center; vertical-align: middle;\"><span style=\"font-size: 14pt;\"><strong><span style=\"color: #d62727;\"><a style=\"color: #d62727;\" href=\"http:\/\/www.pangaea.de\/\">PANGAEA<\/a><\/span><\/strong>\u00a0Publishing Network for Geoscientific &amp; Environmental Data<\/span><\/td>\n<\/tr>\n<tr style=\"height: 60px;\">\n<td style=\"width: 350px; border-color: #ffffff; height: 80px; text-align: center; vertical-align: middle;\"><span style=\"color: #000000; font-size: 14pt;\"><span style=\"color: #d62727;\"><strong><a style=\"color: #d62727;\" href=\"http:\/\/www.iodp.org\/\">IODP<\/a><\/strong><\/span>-International Ocean Discovery Program<\/span><\/td>\n<td style=\"width: 80px; border-color: #ffffff; height: 80px; text-align: center; vertical-align: middle;\"><\/td>\n<td style=\"width: 350px; border-color: #ffffff; height: 80px; text-align: center; vertical-align: middle;\"><span style=\"font-size: 14pt;\"><span style=\"color: #d62727;\"><strong><a style=\"color: #d62727;\" href=\"http:\/\/www.pangaea.de\/Projects\/PROMESS1\/\">PROMESS1<\/a><\/strong><\/span>-PROfiles across MEditerranean Sedimentary Systems. Part 1<\/span><\/td>\n<\/tr>\n<tr style=\"height: 60px;\">\n<td style=\"width: 350px; border-color: #ffffff; height: 80px; text-align: center; vertical-align: middle;\"><span style=\"color: #000000; font-size: 14pt;\"><span style=\"color: #d62727;\"><strong><a style=\"color: #d62727;\" href=\"http:\/\/www.iupui.edu\/\">IUPUI<\/a><\/strong><\/span>-Indiana University-Purdue University Indianapolis<\/span><\/td>\n<td style=\"width: 80px; border-color: #ffffff; height: 80px; text-align: center; vertical-align: middle;\"><\/td>\n<td style=\"width: 350px; border-color: #ffffff; height: 80px; text-align: center; vertical-align: middle;\"><span style=\"font-size: 14pt;\"><span style=\"color: #d62727;\"><strong><a style=\"color: #d62727;\" href=\"http:\/\/www.uni-kiel.de\/\">CAU<\/a><\/strong><\/span>-Christian-Albrechts-Universit\u00e4t zu Kiel<\/span><\/td>\n<\/tr>\n<\/tbody>\n<\/table>\n<table class=\" aligncenter\" style=\"border-color: #ffffff;\" width=\"1100\">\n<tbody>\n<tr style=\"height: 60px;\">\n<td style=\"width: 375px; border-color: #ffffff; height: 70px; text-align: center; vertical-align: middle;\" width=\"417\"><\/td>\n<\/tr>\n<\/tbody>\n<\/table>\n<p><\/p>","protected":false},"excerpt":{"rendered":"<p>FORMER PhD STUDENTS &#8212;&#8211; Alonso Garc\u00eda,\u00a0Montserrat E-mail Cortina,\u00a0Aleix E-mail\u00a0 \u00a0 Fuertes Prieto,\u00a0Miguel \u00c1ngel E-mail Colmenero Hidalgo,\u00a0Elena E-mail Martin Garc\u00eda,\u00a0Gloria Mar\u00eda E-mail Mart\u00ednez S\u00e1nchez,\u00a0Marta\u00a0 E-mail &#8211; INSTITUTIONS AND UNIVERSITIES &#8211; Instituto Portugues do Mar e da Atmosfera UB-Universidad de Barcelona Centro de Ciencias do Mar West Virginia University Utrecht University Universidad Autonoma Antonio Narro CNRS-Centre National &hellip; <a href=\"https:\/\/oceano.usal.es\/en\/colaboradores\/\" class=\"more-link\">Continue reading<span class=\"screen-reader-text\"> &#8220;Collaborations&#8221;<\/span><\/a><\/p>\n","protected":false},"author":13,"featured_media":0,"parent":0,"menu_order":0,"comment_status":"closed","ping_status":"closed","template":"","meta":{"footnotes":""},"class_list":["post-183","page","type-page","status-publish","hentry"],"aioseo_notices":[],"_links":{"self":[{"href":"https:\/\/oceano.usal.es\/en\/wp-json\/wp\/v2\/pages\/183","targetHints":{"allow":["GET"]}}],"collection":[{"href":"https:\/\/oceano.usal.es\/en\/wp-json\/wp\/v2\/pages"}],"about":[{"href":"https:\/\/oceano.usal.es\/en\/wp-json\/wp\/v2\/types\/page"}],"author":[{"embeddable":true,"href":"https:\/\/oceano.usal.es\/en\/wp-json\/wp\/v2\/users\/13"}],"replies":[{"embeddable":true,"href":"https:\/\/oceano.usal.es\/en\/wp-json\/wp\/v2\/comments?post=183"}],"version-history":[{"count":65,"href":"https:\/\/oceano.usal.es\/en\/wp-json\/wp\/v2\/pages\/183\/revisions"}],"predecessor-version":[{"id":1966,"href":"https:\/\/oceano.usal.es\/en\/wp-json\/wp\/v2\/pages\/183\/revisions\/1966"}],"wp:attachment":[{"href":"https:\/\/oceano.usal.es\/en\/wp-json\/wp\/v2\/media?parent=183"}],"curies":[{"name":"wp","href":"https:\/\/api.w.org\/{rel}","templated":true}]}}