{"id":1454,"date":"2019-05-06T10:58:14","date_gmt":"2019-05-06T10:58:14","guid":{"rendered":"http:\/\/oceano.usal.es\/?page_id=1454"},"modified":"2024-04-16T10:30:30","modified_gmt":"2024-04-16T10:30:30","slug":"alonso-garcia","status":"publish","type":"page","link":"https:\/\/oceano.usal.es\/en\/alonso-garcia\/","title":{"rendered":"Montserrat Alonso Garc\u00eda"},"content":{"rendered":"<p><\/p>\n<p><span style=\"font-size: 14pt;\"><strong><span style=\"color: #990800;\">ASSOCIATE PROFESSOR &#8211; GEOLOGY DEPARTMENT, UNIVERSITY OF SALAMANCA<\/span><\/strong><\/span><\/p>\n<p>&nbsp;<\/p>\n<p><img loading=\"lazy\" decoding=\"async\" class=\"aligncenter\" src=\"D:\\Google Drive\\FOTOS\\IMG_0362.JPG\" alt=\"\" width=\"241\" height=\"241\" \/><\/p>\n<p><span style=\"color: #b3300c; font-size: 14pt;\"><strong>RESEARCH<\/strong><\/span><\/p>\n<p>Paleoceanography, Paleoclimate, North Atlantic, Indic Ocean, planktonic and benthic foraminifera, stable isotopes, trace elements, IRD, XRF, biomarkers.<\/p>\n<p>I am interested in past climatic changes and its relationship with ocean and atmospheric circulation. My research is focused on Pliocene-Pleistocene climate change at different timescales, from centennial-millennial to orbital variability, in the North Atlantic (visit the CINNAMOW website <a href=\"https:\/\/montsealonso82.wixsite.com\/cinnamow\">https:\/\/montsealonso82.wixsite.com\/cinnamow<\/a><strong>)<\/strong>, at high and low latitudes, and the Indian Ocean.<\/p>\n<p>I use multiple proxies such as benthic and planktic oxygen and carbon isotopes, trace element analysis on foraminifers (Mg\/Ca, Sr\/Ca), planktic foraminifer assemblages, ice-rafted debris (IRD), x-ray fluorescence (XRF), grain-size analysis and biomarkers.<\/p>\n<p><strong>If you would like to do an undergraduate\/ master\/ erasmus+ project on paleoceanography and paleoclimatology, please contact me!<\/strong><\/p>\n<p>&#8212;<\/p>\n<p>&nbsp;<\/p>\n<p>&#8212;<\/p>\n<p><span style=\"color: #b3300c; font-size: 18pt;\"><strong>PUBLICATIONS<\/strong><\/span><\/p>\n<p><a href=\"http:\/\/orcid.org\/0000-0002-0241-2178\">http:\/\/orcid.org\/0000-0002-0241-2178<\/a><\/p>\n<p>&#8212;&#8211;<\/p>\n<h1><span style=\"font-size: 18pt;\"><strong>2024<\/strong><\/span><\/h1>\n<p>Alonso-Garcia, M., Reolid, J., Jimenez-Espejo, F.J., Bialik, O.M., Alvarez Zarikian, C.A., Laya, J.C., Carrasquiera, I., Jovane, L., Reijmer, J.J.G., Betzler, C., Eberli, G.P., 2024. <strong>Sea-level and monsoonal control on the Maldives carbonate platform (Indian Ocean) over the last 1.3 million years<\/strong>. Clim. Past.\u00a0 20 (3), 547-571. https:\/\/doi.org\/10.5194\/cp-20-547-2024.<\/p>\n<p><span style=\"color: #b3300c; font-size: 18pt;\"><strong>2023<\/strong><\/span><\/p>\n<p>Alonso-Garcia, M., Reolid, J., Jimenez-Espejo, F.J., Bialik, O.M., Alvarez Zarikian, C.A., Laya, J.C., Carrasquiera, I., Jovane, L., Reijmer, J.J.G., Betzler, C., Eberli, G.P., 2023. <strong>Sea-level and monsoonal control on the Maldives carbonate platform (Indian Ocean) over the last 1.3 million years<\/strong>. Clim. Past Discuss. 2023, 1-44.<\/p>\n<p>Carrasqueira, I.G.d.F., Jovane, L., Droxler, A.W., Alvarez Zarikian, C.A., Lanci, L., Alonso-Garcia, M., Laya, J.C., Kroon, D., 2023. <strong>Anomalous widespread arid events in Asia over the past 550,000 years<\/strong>. PNAS Nexus. DOI: 10.1093\/pnasnexus\/pgad175<\/p>\n<p>McClymont, E.L., Ho, S.L., Ford, H.L., Bailey, I., Berke, M.A., Bolton, C.T., De Schepper, S., Grant, G.R., Groeneveld, J., Inglis, G.N., Karas, C., Patterson, M.O., Swann, G.E.A., Thirumalai, K., White, S.M., Alonso-Garcia, M., Anand, P., Hoogakker, B.A.A., Littler, K., Petrick, B.F., Risebrobakken, B., Abell, J.T., Crocker, A.J., de Graaf, F., Feakins, S.J., Hargreaves, J.C., Jones, C.L., Markowska, M., Ratnayake, A.S., Stepanek, C., Tangunan, D., 2023. <strong>Climate Evolution Through the Onset and Intensification of Northern Hemisphere Glaciation<\/strong>. 61, e2022RG000793. https:\/\/doi.org\/10.1029\/2022RG000793<\/p>\n<p>Girone, A. De Astis, F.J. Sierro, I. Hern\u00e1ndez-Almeida, <strong>M. Alonso Garcia<\/strong>, M.F. S\u00e1nchez Go\u00f1i, P. Maiorano, M. Marino, S. Trotta, D. Hodell, 2023. <strong>Planktonic foraminifera response to orbital and millennial-scale climate variability at the southern Iberian Margin (IODP Site U1385) during Marine Isotope Stages 20 and 19<\/strong>. <em>Palaeogeography, Palaeoclimatology, Palaeoecology, <\/em>615, 111450. https:\/\/doi.org\/10.1016\/j.palaeo.2023.111450<\/p>\n<p><span style=\"color: #b3300c; font-size: 18pt;\"><strong>2022<\/strong><\/span><\/p>\n<p>Alonso-Garcia, M., Tarruella, J., Bejard, T., Azibeiro, L., Sierro, F., 2022. <strong>La micropaleontolog\u00eda como herramienta de dataci\u00f3n e identificaci\u00f3n de eventos clim\u00e1ticos en registros sedimentarios marinos<\/strong>. Cuaternario y Geomorfolog\u00eda 36, 171-188. https:\/\/doi.org\/10.17735\/cyg.v36i3-4.94120<\/p>\n<p>Alvarez-Zarikian, C.A., Nadiri, D.C., Alonso-Garc\u00eda, M., Rodrigues, T., Huang, H.M., Lindhorst, S., Kunkelova, T., Kroon, D., Betzler, C., Yasuhara, M. 2022. <strong>Ostracod response to monsoon intensification and oxygen minimum zone expansion in the Maldives, equatorial Indian Ocean, over the past 1.2 Myr<\/strong>. Marine Micropaleontology, 174, 102105. https:\/\/doi.org\/10.1016\/j.marmicro.2022.102105.<\/p>\n<p><span style=\"color: #b3300c; font-size: 18pt;\"><strong>2021<\/strong><\/span><\/p>\n<p>Azibeiro, L.A., Sierro, F.J., Capotondi, L., Lirer, F., Andersen, N., Gonz\u00e1lez-Lanchas, A., Alonso-Garcia, M., Flores, J.-A., Cortina, A., Grimalt, J.O., Martrat, B., Cacho, I., 2021. <strong>Meltwater flux from northern ice-sheets to the mediterranean during MIS 12<\/strong>. Quat. Sci. Rev. 268, 107108. https:\/\/doi.org\/10.1016\/j.quascirev.2021.107108.<\/p>\n<p><span style=\"color: #b3300c; font-size: 18pt;\"><strong>2020<\/strong><\/span><\/p>\n<p>Oliveira, D., Desprat, S., Yin, Q., Rodrigues, T., Naughton, F., Trigo, R.M., Su, Q., Grimalt, J.O., Alonso-Garcia, M., Voelker, A.H.L., Abrantes, F., S\u00e1nchez Go\u00f1i, M.F., 2020. <strong>Combination of insolation and ice-sheet forcing drive enhanced humidity in northern subtropical regions during MIS 13<\/strong>. https:\/\/doi.org\/10.1016\/j.quascirev.2020.106573. Quat. Sci. Rev. 247, 106573.<\/p>\n<p>McClymont, E.L., Ford, H.L., Ho, S.L., Tindall, J.C., Haywood, A.M., Alonso-Garcia, M., Bailey, I., Berke, M.A., Littler, K., Patterson, M., Petrick, B., Peterse, F., Ravelo, A.C., Risebrobakken, B., De Schepper, S., Swann, G.E.A., Thirumalai, K., Tierney, J.E., van der Weijst, C., White, S., 2020. <strong>Lessons from a high CO2 world: an ocean view from ~3 million years ago<\/strong>. https:\/\/doi.org\/10.5194\/cp-16-1599-2020. Past 16, 1599-1615.<\/p>\n<p><span style=\"color: #b3300c; font-size: 18pt;\"><strong>2019<\/strong><\/span><\/p>\n<p>Alonso-Garcia, T. Rodrigues, F. Abrantes, M. Padilha, C.A. Alvarez-Zarikian, T. Kunkelova, J.D. Wright, C. Betzler. <strong>Sea surface temperature, productivity and hydrological changes in the Northern Indian Ocean (Maldives) during the interval ~575-175 ka (MIS 14 to 7)<\/strong> (2019) <em>Palaeogeography, Palaeoclimatology, Palaeoecology, <\/em>536, 109376<em>.<\/em> https:\/\/doi.org\/10.1016\/j.palaeo.2019.109376<\/p>\n<p>Khider, D., Emile-Geay, J., McKay, N.P., Gil, Y., Garijo, D., Ratnakar, V., Alonso-Garcia, M., Bertrand, S., Bothe, O., Brewer, P., Bunn, A., Chevalier, M., Comas-Bru, L., Csank, A., Dassi\u00e9, E., DeLong, K., Felis, T., Francus, P., Frappier, A., Gray, W., Goring, S., Jonkers, L., Kahle, M., Kaufman, D., Kehrwald, N.M., Martrat, B., McGregor, H., Richey, J., Schmittner, A., Scroxton, N., Sutherland, E., Thirumalai, K., Allen, K., Arnaud, F., Axford, Y., Barrows, T.T., Bazin, L., Pilaar Birch, S.E., Bradley, E., Bregy, J., Capron, E., Cartapanis, O., Chiang, H.-W., Cobb, K., Debret, M., Dommain, R., Du, J., Dyez, K., Emerick, S., Erb, M.P., Falster, G., Finsinger, W., Fortier, D., Gauthier, N., George, S., Grimm, E., Hertzberg, J., Hibbert, F., Hillman, A., Hobbs, W., Huber, M., Hughes, A.L.C., Jaccard, S., Ruan, J., Kienast, M., Konecky, B., Le Roux, G., Lyubchich, V., Novello, V.F., Olaka, L., Partin, J.W., Pearce, C., Phipps, S.J., Pignol, C., Piotrowska, N., Poli, M.-S., Prokopenko, A., Schwanck, F., Stepanek, C., Swann, G.E.A., Telford, R., Thomas, E., Thomas, Z., Truebe, S., von Gunten, L., Waite, A., Weitzel, N., Wilhelm, B., Williams, J., Williams, J.J., Winstrup, M., Zhao, N., Zhou, Y., <strong>PaCTS 1.0: A Crowdsourced Reporting Standard for Paleoclimate Data<\/strong> (2019) <em>Paleoceanography and Paleoclimatology<\/em>, 34, 1570-1596. DOI: 10.1029\/2019pa003632<\/p>\n<p>Lanci, E. Zanella, L. Jovane, M. Alonso-Garcia, C.A. Alvarez-Zarikian, C. Betzler, O.M. Bialik, C.L. Bla\u0308ttler, G.P. Eberli, J.A. Guo, S. Haffen, S. Horozal, M. Inoue, D. Kroon, J.C. Laya, A.L. Hui Mee, T. Lu\u0308dmann, M. Nakakuni<sup>, <\/sup>B. Nagender Nath, K. Niino, L.M. Petruny, S.D. Pratiwi, J.J. G. Reijmer, J. Reolid, A.L. Slagle, C.R. Sloss, X. Su, P.K. Swart, J.D. Wright, Z. Yao,\u00a0 J.R. Young. <strong>Magnetic properties of Early Pliocene sediments from IODP Site U1467 (Maldives platform) reveals changes in the monsoon system<\/strong> (2019) <em>Palaeogeography, Palaeoclimatology, Palaeoecology, <\/em>533, 109283.<\/p>\n<p>P.K. Swart<sub>,<\/sub> C. L. Bl\u00e4ttler, M. Nakakuni, G. Mackenzie, C. Betzler, G. P. Eberli, J. Reolid, M. Alonso-Garc\u00eda, A. L. Slagle, J. D. Wright, D. Kroon, J. J.G. Reijmer, A. Ling Hui Mee J. R. Young, C. A. Alvarez-Zarikian, O. M. Bialik, J. A. Guo, S. Haffen, S. Horozal, M. Inoue, L. Jovane, L. Lanci, J. C. Laya, T. L\u00fcdmann, B. N. Nath, Kaoru Niino, L. M. Petruny, S.D. Pratiwi, X. Su, C. R. Sloss, Z. Yao, 2019. <strong>Cyclic Anoxia and Organic Rich Carbonate Sediments on a drowned carbonate platform: Early Miocene Maldives <\/strong>(2019)\u00a0 <em>EPSL, <\/em>521, 1-13. DOI: 10.1016\/j.epsl.2019.05.019<\/p>\n<p>Kunkelova, T., Jung, S.J.A., de Leau, E.S., Odling, N., Thomas, A.L., Betzler, C., Eberli, G.P., Alvarez-Zarikian, C.A., Alonso-Garc\u00eda, M., Bialik, O.M., Bl\u00e4ttler, C.L., Guo, J.A., Haffen, S., Horozal, S., Mee, A.L.H., Inoue, M., Jovane, L., Lanci, L., Laya, J.C., L\u00fcdmann, T., Bejugam, N.N., Nakakuni, M., Niino, K., Petruny, L.M., Pratiwi, S.D., Reijmer, J.J.G., Reolid, J., Slagle, A.L., Sloss, C.R., Su, X., Swart, P.K., Wright, J.D., Yao, Z., Young, J.R., Lindhorst, S., Stainbank, S., Rueggeberg, A., Spezzaferri, S., Carrasqueira, I., Yu, S., Kroon, D. <strong>Correction to: A two million year record of low-latitude aridity linked to continental weathering from the Maldives<\/strong> (2019) Progress in Earth and Planetary Science, 6 (1), art. no. 21 . DOI: 10.1186\/s40645-019-0259-0&#8212;<\/p>\n<p>S\u00e1nchez Go\u00f1i, M.F., Ferretti, P., Polanco-Mart\u00ednez, J.M., Rodrigues, T., Alonso-Garc\u00eda, M., Rodr\u00edguez-Tovar, F.J., Dorador, J., Desprat, S. <strong>Pronounced northward shift of the westerlies during MIS 17 leading to the strong 100-kyr ice age cycles<\/strong> (2019) Earth and Planetary Science Letters, 511, pp. 117-129. DOI: 10.1016\/j.epsl.2019.01.032&#8212;<\/p>\n<p>Mart\u00ednez-S\u00e1nchez, M., Flores, J.-A., Palumbo, E., Alonso-Garcia, M., Sierro, F.-J., Amore, F.O. <strong>Reconstruction of surface water dynamics in the North Atlantic during the Mid-Pleistocene (~540\u2013400\u202fka), as inferred from coccolithophores and planktonic foraminifera<\/strong>. (2019) Marine Micropaleontology. DOI: 10.1016\/j.marmicro.2019.03.002<\/p>\n<p>&#8212;<\/p>\n<p><span style=\"color: #b3300c; font-size: 18pt;\"><strong>2018<\/strong><\/span><\/p>\n<p>L\u00fcdmann, T., Betzler, C., Eberli, G.P., Reolid, J., Reijmer, J.J.G., Sloss, C.R., Bialik, O.M., Alvarez-Zarikian, C.A., Alonso-Garc\u00eda, M., Bl\u00e4ttler, C.L., Guo, J.A., Haffen, S., Horozal, S., Inoue, M., Jovane, L., Kroon, D., Lanci, L., Laya, J.C., Mee, A.L.H., Nakakuni, M., Nath, B.N., Niino, K., Petruny, L.M., Pratiwi, S.D., Slagle, A.L., Su, X., Swart, P.K., Wright, J.D., Yao, Z., Young, J.R. <strong>Corrigendum to \u201cCarbonate delta drift: A new sediment drift type\u201d<\/strong>(2018) Marine Geology, 406, pp. 214-215. DOI: 10.1016\/j.margeo.2018.10.005&#8212;<\/p>\n<p>Betzler, C., Eberli, G.P., L\u00fcdmann, T., Reolid, J., Kroon, D., Reijmer, J.J.G., Swart, P.K., Wright, J., Young, J.R., Alvarez-Zarikian, C., Alonso-Garc\u00eda, M., Bialik, O.M., Bl\u00e4ttler, C.L., Guo, J.A., Haffen, S., Horozal, S., Inoue, M., Jovane, L., Lanci, L., Laya, J.C., Hui Mee, A.L., Nakakuni, M., Nath, B.N., Niino, K., Petruny, L.M., Pratiwi, S.D., Slagle, A.L., Sloss, C.R., Su, X., Yao, Z. <strong>Refinement of Miocene sea level and monsoon events from the sedimentary archive of the Maldives (Indian Ocean\u00a0<\/strong>(2018) Progress in Earth and Planetary Science, 5 (1), art. no. 5. DOI: 10.1186\/s40645-018-0165-x&#8212;<\/p>\n<p>Candy, I., Alonso-Garcia, M. <strong>A 1 Ma sea surface temperature record from the North Atlantic and its implications for the early human occupation of Britain<\/strong> (2018) Quaternary Research (United States), 90 (2), pp. 406-417. DOI: 10.1017\/qua.2018.62&#8212;<\/p>\n<p>L\u00fcdmann, T., Betzler, C., Eberli, G.P., Reolid, J., Reijmer, J.J.G., Sloss, C.R., Bialik, O.M., Alvarez-Zarikian, C.A., Alonso-Garc\u00eda, M., Bl\u00e4ttler, C.L., Guo, J.A., Haffen, S., Horozal, S., Inoue, M., Jovane, L., Kroon, D., Lanci, L., Laya, J.C., Mee, A.L.H., Nakakuni, M., Nath, B.N., Niino, K., Petruny, L.M., Pratiwi, S.D., Slagle, A.L., Su, X., Swart, P.K., Wright, J.D., Yao, Z., Young, J.R. <strong>Carbonate delta drift: A new sediment drift type<\/strong> (2018) Marine Geology, 401, pp. 98-111. DOI: 10.1016\/j.margeo.2018.04.011&#8212;<\/p>\n<p>&#8212;&#8211;<\/p>\n<p><span style=\"color: #b3300c; font-size: 18pt;\"><strong>2017<\/strong><\/span><\/p>\n<p>Rodrigues, T., Alonso-Garc\u00eda, M., Hodell, D.A., Rufino, M., Naughton, F., Grimalt, J.O., Voelker, A.H.L., Abrantes, F. <strong>A 1-Ma record of sea surface temperature and extreme cooling events in the North Atlantic: A perspective from the Iberian Margin <\/strong>(2017) Quaternary Science Reviews, 172, pp. 118-130. DOI: 10.1016\/j.quascirev.2017.07.004&#8212;<\/p>\n<p>Alonso-Garcia, M., Kleiven, H.K.F., McManus, J.F., Moffa-Sanchez, P., Broecker, W.S., Flower, B.P. <strong>Freshening of the Labrador Sea as a trigger for Little Ice Age development<\/strong> (2017) Climate of the Past, 13 (4), pp. 317-331. DOI: 10.5194\/cp-13-317-2017<\/p>\n<p>&#8212;<\/p>\n<p><span style=\"color: #b3300c; font-size: 18pt;\"><strong>2016<\/strong><\/span><\/p>\n<p>S\u00e1nchez Go\u00f1i, M.F., Rodrigues, T., Hodell, D.A., Polanco-Mart\u00ednez, J.M., Alonso-Garc\u00eda, M., Hern\u00e1ndez-Almeida, I., Desprat, S., Ferretti, P. <strong>Tropically-driven climate shifts in southwestern Europe during MIS 19, a low eccentricity interglacial<\/strong> (2016) Earth and Planetary Science Letters, 448, pp. 81-93. DOI: 10.1016\/j.epsl.2016.05.018&#8212;<\/p>\n<p>Betzler, C., Eberli, G.P., Kroon, D., Wright, J.D., Swart, P.K., Nath, B.N., Alvarez-Zarikian, C.A., Alonso-Garci\u00e1, M., Bialik, O.M., Bl\u00e4ttler, C.L., Guo, J.A., Haffen, S., Horozal, S., Inoue, M., Jovane, L., Lanci, L., Laya, J.C., Mee, A.L.H., L\u00fcdmann, T., Nakakuni, M., Niino, K., Petruny, L.M., Pratiwi, S.D., Reijmer, J.J.G., Reolid, J., Slagle, A.L., Sloss, C.R., Su, X., Yao, Z., Young, J.R. <strong>The abrupt onset of the modern South Asian Monsoon winds<\/strong> (2016) Scientific Reports, 6, art. no. 29838, DOI: 10.1038\/srep29838&#8212;<\/p>\n<p>Betzler, C.G., Eberli, G.P., Alvarez-Zarikian, C.A., Alonso-Garc\u00eda, M., Bejugam, N.N., Bialik, O.M., Bl\u00e4ttler, C.L., Guo, J.A., Haffen, S., Horozal, S., Inoue, M., Jovane, L., Kroon, D., Lanci, L., Laya, J.C., Mee, A.L.H., L\u00fcdmann, T., Nakakuni, M., Niino, K., Petruny, L.M., Pratiwi, S.D., Reijmer, J., Reolid, J., Slagle, A.L., Sloss, C.R., Su, X., Swart, P.K., Wright, J.D., Yao, Z., Young, J.R. <strong>International ocean discovery program expedition 359 preliminary report: Maldives monsoon and sea level<\/strong> (2016) Integrated Ocean Drilling Program: Preliminary Reports, (359), pp. 1-53. DOI: 10.14379\/iodp.pr.359.2016&#8212;&#8211;<\/p>\n<p><span style=\"color: #b3300c; font-size: 18pt;\"><strong>2015<\/strong><\/span><\/p>\n<p>Martin-Garcia, G.M., Alonso-Garcia, M., Sierro, F.J., Hodell, D.A., Flores, J.A. <strong>Severe cooling episodes at the onset of deglaciations on the Southwestern Iberian margin from MIS 21 to 13<\/strong> (IODP site U1385) (2015) Global and Planetary Change, 135, pp. 159-169. DOI: 10.1016\/j.gloplacha.2015.11.001&#8212;<\/p>\n<p>Singh, A.D., Verma, K., Jaiswal, S., Alonso-Garcia, M., Li, B., Abrantes, F. <strong>Planktic foraminiferal responses to orbital scale oceanographic changes off the western Iberian margin over the last 900kyr: Results from IODP site U1391<\/strong> (2015) Global and Planetary Change, 135, pp. 47-56. DOI: 10.1016\/j.gloplacha.2015.10.002&#8212;<\/p>\n<p>&#8212;&#8211;<\/p>\n<p><span style=\"color: #b3300c; font-size: 18pt;\"><strong>2013<\/strong><\/span><\/p>\n<p>Alonso-Garc\u00eda, M., Andrews, J.T., Belt, S.T., Cabedo-Sanz, P., Darby, D., Jaeger, J. <strong>A comparison between multiproxy and historical data (ad 1990-1840) of drift ice conditions on the East Greenland Shelf (~66\u00b0N)<\/strong> (2013) Holocene, 23 (12), pp. 1672-1683. DOI: 10.1177\/0959683613505343&#8212;<\/p>\n<p>D\u00edez Fern\u00e1ndez, R., Foster, D.A., G\u00f3mez Barreiro, J., Alonso-Garc\u00eda, M. <strong>Rheological control on the tectonic evolution of a continental suture zone: The Variscan example from NW Iberia (Spain)<\/strong> (2013) International Journal of Earth Sciences, 102 (5), pp. 1305-1319. DOI: 10.1007\/s00531-013-0885-5&#8212;<\/p>\n<p>&#8212;&#8211;<\/p>\n<p><span style=\"color: #b3300c; font-size: 18pt;\"><strong>2011<\/strong><\/span><\/p>\n<p>Alonso-Garcia, M., Sierro, F.J., Flores, J.A. <strong>Arctic front shifts in the subpolar North Atlantic during the Mid-Pleistocene (800-400ka) and their implications for ocean circulation<\/strong> (2011) Palaeogeography, Palaeoclimatology, Palaeoecology, 311 (3-4), pp. 268-280. DOI: 10.1016\/j.palaeo.2011.09.004&#8212;<\/p>\n<p>Alonso-Garcia, M., Sierro, F.J., Kucera, M., Flores, J.A., Cacho, I., Andersen, N. <strong>Ocean circulation, ice sheet growth and interhemispheric coupling of millennial climate variability during the mid-Pleistocene (ca 800-400ka)<\/strong> (2011) Quaternary Science Reviews, 30 (23-24), pp. 3234-3247. DOI: 10.1016\/j.quascirev.2011.08.005&#8212;&#8212;&#8211;<\/p>\n<p><strong>&#8212;&#8211;<\/strong><\/p>\n<p><span style=\"color: #b3300c;\"><strong>Address<\/strong><\/span><\/p>\n<p><strong>Geology Department &#8211; Paleontology<\/strong><\/p>\n<p>Faculty of Sciences, University of Salamanca<\/p>\n<p>37008 Salamanca, Spain<\/p>\n<p><strong>Tfn.<\/strong>\u00a0+34 923 294500\u00a0Ext. 6302<\/p>\n<p><strong>e-mail:<\/strong> montseag (at) usal.es<\/p>\n<p>&#8212;&#8211;<\/p>\n<p style=\"text-align: center;\"><span style=\"color: #ffffff;\">&#8212;&#8211;<\/span><\/p>\n<p><\/p>","protected":false},"excerpt":{"rendered":"<p>ASSOCIATE PROFESSOR &#8211; GEOLOGY DEPARTMENT, UNIVERSITY OF SALAMANCA &nbsp; RESEARCH Paleoceanography, Paleoclimate, North Atlantic, Indic Ocean, planktonic and benthic foraminifera, stable isotopes, trace elements, IRD, XRF, biomarkers. I am interested in past climatic changes and its relationship with ocean and atmospheric circulation. My research is focused on Pliocene-Pleistocene climate change at different timescales, from centennial-millennial &hellip; <a href=\"https:\/\/oceano.usal.es\/en\/alonso-garcia\/\" class=\"more-link\">Continue reading<span class=\"screen-reader-text\"> &#8220;Montserrat Alonso Garc\u00eda&#8221;<\/span><\/a><\/p>\n","protected":false},"author":13,"featured_media":0,"parent":0,"menu_order":0,"comment_status":"closed","ping_status":"closed","template":"","meta":{"footnotes":""},"class_list":["post-1454","page","type-page","status-publish","hentry"],"aioseo_notices":[],"_links":{"self":[{"href":"https:\/\/oceano.usal.es\/en\/wp-json\/wp\/v2\/pages\/1454","targetHints":{"allow":["GET"]}}],"collection":[{"href":"https:\/\/oceano.usal.es\/en\/wp-json\/wp\/v2\/pages"}],"about":[{"href":"https:\/\/oceano.usal.es\/en\/wp-json\/wp\/v2\/types\/page"}],"author":[{"embeddable":true,"href":"https:\/\/oceano.usal.es\/en\/wp-json\/wp\/v2\/users\/13"}],"replies":[{"embeddable":true,"href":"https:\/\/oceano.usal.es\/en\/wp-json\/wp\/v2\/comments?post=1454"}],"version-history":[{"count":67,"href":"https:\/\/oceano.usal.es\/en\/wp-json\/wp\/v2\/pages\/1454\/revisions"}],"predecessor-version":[{"id":1974,"href":"https:\/\/oceano.usal.es\/en\/wp-json\/wp\/v2\/pages\/1454\/revisions\/1974"}],"wp:attachment":[{"href":"https:\/\/oceano.usal.es\/en\/wp-json\/wp\/v2\/media?parent=1454"}],"curies":[{"name":"wp","href":"https:\/\/api.w.org\/{rel}","templated":true}]}}