{"id":1202,"date":"2017-11-23T15:59:38","date_gmt":"2017-11-23T15:59:38","guid":{"rendered":"http:\/\/oceano.usal.es\/?page_id=1202"},"modified":"2019-09-25T09:43:21","modified_gmt":"2019-09-25T09:43:21","slug":"azibeiro","status":"publish","type":"page","link":"https:\/\/oceano.usal.es\/en\/azibeiro\/","title":{"rendered":"Luc\u00eda A. Azibeiro"},"content":{"rendered":"<p><\/p>\n<p style=\"text-align: center\"><span style=\"font-size: 12pt\"><strong>PREDOCTORAL RESEARCH<\/strong><\/span><\/p>\n<p style=\"text-align: center\"><span style=\"font-size: 12pt\">GEOLOGY DEPARTMENT OF THE UNIVERSITY OF SALAMANCA<\/span><\/p>\n<p style=\"text-align: center\"><img loading=\"lazy\" decoding=\"async\" class=\"aligncenter size-medium wp-image-1203\" src=\"http:\/\/oceano.usal.es\/wp-content\/uploads\/sites\/30\/2017\/11\/Azibeiro-272x300.png\" alt=\"azibeiro\" width=\"272\" height=\"300\" srcset=\"https:\/\/oceano.usal.es\/wp-content\/uploads\/sites\/30\/2017\/11\/Azibeiro-272x300.png 272w, https:\/\/oceano.usal.es\/wp-content\/uploads\/sites\/30\/2017\/11\/Azibeiro-768x847.png 768w, https:\/\/oceano.usal.es\/wp-content\/uploads\/sites\/30\/2017\/11\/Azibeiro.png 802w\" sizes=\"auto, (max-width: 272px) 85vw, 272px\" \/><\/p>\n<h3 style=\"text-align: justify\"><span style=\"color: #d62424\"><strong><span style=\"font-size: 18pt\">Research<\/span><\/strong><\/span><\/h3>\n<p style=\"text-align: justify;padding-left: 30px\"><span style=\"font-size: 12pt\">Paleoceanography, Climate Change, Past Climate, Micropaleontology, Biostratigraphy,\u00a0<strong>Foramin\u00edfera<\/strong>.<\/span><\/p>\n<p style=\"text-align: justify\"><span style=\"color: #ffffff\">&#8212;&#8211;<\/span><\/p>\n<h3 style=\"text-align: justify\"><span style=\"color: #d62424\"><strong><span style=\"font-size: 18pt\">Teaching<\/span><\/strong><\/span><\/h3>\n<p style=\"text-align: justify;padding-left: 30px\"><span style=\"font-size: 12pt\">Collaboration in teaching tasks associated with the Paleontology Area of the University of Salamanca for a minimum of 40 hours per year. Geology, Biology and Environmental Sciences Degrees.<\/span><\/p>\n<p style=\"text-align: justify;padding-left: 30px\"><span style=\"color: #ffffff\">&#8212;&#8211;<\/span><\/p>\n<h3 style=\"text-align: justify\"><span style=\"color: #d62424\"><strong><span style=\"font-size: 18pt\">Academic background<\/span><\/strong><\/span><\/h3>\n<p><span style=\"color: #ffffff\">&#8212;&#8211;<\/span><\/p>\n<p style=\"text-align: justify\"><span style=\"font-size: 12pt\">20<strong>16<\/strong>-20<strong>20<\/strong>\u00a0 \u00a0 \u00a0<span style=\"font-size: 14pt\"><span style=\"color: #bd1919\"><strong>Geology PhD<\/strong><\/span>.<\/span>\u00a0University of Salamanca<\/span><\/p>\n<p style=\"padding-left: 120px;text-align: justify\"><span style=\"font-size: 12pt\"><strong>T\u00edtle:<\/strong>\u00a0Millennial climate variability and planktonic foraminifera during Mid-Plestocene in the southern margin of the Iberian Peninsula.<\/span><\/p>\n<p style=\"padding-left: 120px;text-align: justify\"><span style=\"font-size: 12pt\"><strong>Director<\/strong>: Francisco J. Sierro<\/span><\/p>\n<p style=\"padding-left: 120px;text-align: justify\"><span style=\"font-size: 12pt\"><strong>Predoctoral contract:\u00a0<\/strong>Scholarship of research and educational scholar (FPU) by the Spanish Ministry of Education.<\/span><\/p>\n<p><span style=\"color: #ffffff\">&#8212;&#8211;<\/span><\/p>\n<p><span style=\"font-size: 12pt\">20<strong>15<\/strong>-20<b>16<\/b>\u00a0<\/span> \u00a0 \u00a0<span style=\"font-size: 14pt\"><span style=\"color: #bd1919\"><strong>Earth Sciences Master Degree<\/strong><\/span>.<\/span>\u00a0<span style=\"font-size: 12pt\">University of Salamanca<\/span><\/p>\n<p style=\"padding-left: 120px;text-align: justify\"><span style=\"font-size: 12pt\"><strong>Earth Sciences Master Degree: Environmental and Applied Geology<\/strong><\/span><\/p>\n<p style=\"padding-left: 120px;text-align: justify\"><span style=\"font-size: 12pt\"><strong>Master Degree Thesis<\/strong>:\u00a0Millennial climate variability and planktonic foraminifera during MIS 12 desglaciation in the Alboran Sea.\u00a0<strong>Director<\/strong>: Francisco J. Sierro<\/span><\/p>\n<p style=\"text-align: justify\"><span style=\"color: #ffffff\">&#8212;&#8211;<\/span><\/p>\n<p><span style=\"font-size: 12pt\">20<strong>11<\/strong>-20<b>15<\/b>\u00a0<\/span> \u00a0 \u00a0<span style=\"color: #bd1919\"><strong><span style=\"font-size: 14pt\">Biology Degree<\/span><\/strong><\/span><span style=\"font-size: 14pt\">.<\/span>\u00a0<span style=\"font-size: 12pt\">University of Salamanca<\/span><\/p>\n<p style=\"padding-left: 120px;text-align: justify\"><span style=\"font-size: 12pt\"><strong>Final Degree Thesis:<\/strong> Paleontological study of the Neogene molluscs in the Duero Basin: Castrillo del Val (Burgos, Spain). <strong>Director:<\/strong> Jos\u00e9 \u00c1ngel Gonz\u00e1lez-Delgado.<\/span><\/p>\n<p style=\"text-align: justify\"><span style=\"color: #ffffff\">&#8212;&#8211;<\/span><\/p>\n<h3 style=\"text-align: justify\"><span style=\"color: #d62424\"><strong><span style=\"font-size: 18pt\">Awards &amp; achievements\u00a0<\/span><\/strong><\/span><\/h3>\n<p><span style=\"color: #ffffff\">&#8212;&#8211;<\/span><\/p>\n<p style=\"text-align: justify\"><span style=\"font-size: 12pt\">20<strong>17<\/strong>\u00a0 \u00a0 \u00a0\u00a0<span style=\"color: #bd1919\"><span style=\"font-size: 14pt\"><strong>ECORD Scholarship 2017.\u00a0<\/strong><\/span><span style=\"color: #000000\">To attend Urbino Summer School in Paleoclimatology.<\/span><\/span><\/span><\/p>\n<p style=\"text-align: justify\"><span style=\"color: #ffffff\">&#8212;&#8211;<\/span><\/p>\n<p style=\"text-align: justify\"><span style=\"font-size: 12pt\">20<strong>16<\/strong>\u00a0 \u00a0 \u00a0\u00a0<span style=\"color: #bd1919\"><span style=\"font-size: 14pt\"><strong>Extraordinary Master Degree Prize<\/strong><\/span><strong><span style=\"font-size: 14pt\">.\u00a0<\/span>\u00a0<\/strong><span style=\"color: #000000\">Earth Sciences Master Degree. University of Salamanca.<\/span><\/span><\/span><\/p>\n<p style=\"text-align: justify\"><span style=\"color: #ffffff\">&#8212;&#8211;<\/span><\/p>\n<p style=\"text-align: justify\"><span style=\"font-size: 12pt\">20<strong>16<\/strong>\u00a0 \u00a0 \u00a0\u00a0<span style=\"color: #bd1919\"><span style=\"font-size: 14pt\"><strong>FPU Scholarship<\/strong><\/span><strong><span style=\"color: #bd1919;font-size: 14pt\">.<\/span>\u00a0<\/strong><span style=\"color: #000000\">Scholarship of research and educational scholar (FPU) by the Spanish Ministry of Education.<\/span><\/span><\/span><\/p>\n<p style=\"text-align: justify\"><span style=\"color: #ffffff\">&#8212;&#8211;<\/span><\/p>\n<h3 style=\"text-align: justify\"><span style=\"color: #d62424\"><strong><span style=\"font-size: 18pt\">Congresses &amp;\u00a0Courses<\/span><\/strong><\/span><\/h3>\n<p><span style=\"color: #ffffff\">&#8212;&#8211;<\/span><\/p>\n<p style=\"text-align: justify\"><span style=\"font-size: 12pt\">20<strong>19<\/strong>\u00a0 \u00a0 \u00a0\u00a0<span style=\"font-size: 14pt\"><strong style=\"color: #bd1919\">INQUA 2019.<\/strong><strong><span style=\"color: #bd1919\">\u00a0 \u00a0<\/span><\/strong><\/span><span style=\"color: #000000\">Assistance to the\u00a0 International Union for Quaternary Research 2019, Life on the Edge in Dublin (Ireland),\u00a0 25-31 Julio <\/span><\/span><span style=\"font-size: 12pt\"><span style=\"color: #000000\">2019, talk session.<\/span><\/span><\/p>\n<p style=\"text-align: justify\"><span style=\"color: #ffffff\">&#8212;&#8211;<\/span><\/p>\n<p style=\"text-align: justify\"><span style=\"font-size: 12pt\">20<strong>18<\/strong>\u00a0 \u00a0 \u00a0\u00a0<span style=\"font-size: 14pt\"><strong style=\"color: #bd1919\">MedCLIVAR 2018.<\/strong><strong><span style=\"color: #bd1919\">\u00a0 \u00a0<\/span><\/strong><\/span><span style=\"color: #000000\">Assistance to the\u00a0 MedCLIVAR 2018 Conference, Bridging the Mediterranean\u00a0in Belgrade\u00a0 (Serbia),\u00a0 17-21\u00a0 \u00a0 September\u00a0<\/span><\/span><span style=\"font-size: 12pt\"><span style=\"color: #000000\">2018, poster session.<\/span><\/span><\/p>\n<p style=\"text-align: justify\"><span style=\"color: #ffffff\">&#8212;&#8211;<\/span><\/p>\n<p style=\"text-align: justify\"><span style=\"font-size: 12pt\">20<strong>17<\/strong>\u00a0 \u00a0 \u00a0\u00a0<span style=\"font-size: 14pt\"><strong style=\"color: #bd1919\">RCMNS 2017.<\/strong><strong><span style=\"color: #bd1919\">\u00a0 \u00a0<\/span><\/strong><\/span><span style=\"color: #bd1919\"><span style=\"color: #000000\">Assistance to the Regional Committee Mediterranean Neogene Stratigraphy in Athens (Greece), 3-5\u00a0<\/span><\/span><\/span><span style=\"font-size: 12pt\"><span style=\"color: #bd1919\"><span style=\"color: #000000\">September 2017,\u00a0poster\u00a0session.<\/span><\/span><\/span><\/p>\n<p style=\"text-align: justify\"><span style=\"color: #ffffff\">&#8212;&#8211;<\/span><\/p>\n<p style=\"text-align: justify\"><span style=\"font-size: 12pt\">20<strong>17<\/strong>\u00a0 \u00a0 \u00a0\u00a0<span style=\"font-size: 14pt\"><strong style=\"color: #bd1919\">USSP 2017.<\/strong><strong><span style=\"color: #bd1919\">\u00a0 \u00a0<\/span><\/strong><\/span><span style=\"color: #000000\">Assistance\u00a0 \u00a0to\u00a0 \u00a0Urbino\u00a0 \u00a0Summer\u00a0 \u00a0School\u00a0 \u00a0in\u00a0 Paleoclimatology\u00a0 in Urbino\u00a0 (Italy),\u00a0 12-28\u00a0\u00a0July\u00a0<\/span><\/span><span style=\"font-size: 12pt\"><span style=\"color: #000000\">2017. Organization collaborative European Consortium for Ocean Drilling (ECORD). Assistance with\u00a0<a href=\"http:\/\/www.ecord.org\/education\/scholarship\/\">ECORD Scholarship<\/a>.<\/span><\/span><\/p>\n<p style=\"text-align: justify\"><span style=\"color: #ffffff\">&#8212;&#8211;<\/span><\/p>\n<h3 style=\"text-align: justify\"><span style=\"color: #d62424\"><strong><span style=\"font-size: 18pt\">Research<\/span><\/strong><\/span><\/h3>\n<p><span style=\"color: #ffffff\">&#8212;&#8211;<\/span><\/p>\n<hr \/>\n<p style=\"text-align: center\"><span style=\"color: #4971eb\"><a style=\"color: #4971eb\" href=\"https:\/\/orcid.org\/0000-0001-5939-1892\">https:\/\/orcid.org\/0000-0001-5939-1892<\/a><\/span><\/p>\n<hr \/>\n<p style=\"text-align: left\"><span style=\"color: #ffffff\">&#8212;&#8211;<\/span><\/p>\n<p><strong><span style=\"color: #d13030;font-size: 18pt\">ADDRESS<\/span><\/strong><\/p>\n<p><span style=\"color: #bd1919;font-size: 12pt\"><strong>Dpto. Geolog\u00eda, \u00c1rea de Paleontolog\u00eda<\/strong><\/span><\/p>\n<p style=\"padding-left: 30px\"><span style=\"font-size: 12pt\">Fac. Ciencias, Uni. Salamanca<\/span><\/p>\n<p style=\"padding-left: 30px\"><span style=\"font-size: 12pt\">37008 Salamanca,\u00a0Spain<\/span><\/p>\n<p><span style=\"font-size: 12pt\"><strong><span style=\"color: #bd1919\">Phone<\/span>.<\/strong>\u00a0+34 923 294500\u00a0Ext.\u00a06306<\/span><\/p>\n<p><span style=\"font-size: 12pt\"><strong><span style=\"color: #bd1919\">Fax<\/span>.<\/strong>\u00a0+34 923 294514<\/span><\/p>\n<p><span style=\"font-size: 12pt\"><span style=\"color: #bd1919\"><strong>e-mail:<\/strong><\/span>\u00a0<a href=\"mailto:LuciaAA@usal.es\">LuciaAA@usal.es<\/a><\/span><\/p>","protected":false},"excerpt":{"rendered":"<p>PREDOCTORAL RESEARCH GEOLOGY DEPARTMENT OF THE UNIVERSITY OF SALAMANCA Research Paleoceanography, Climate Change, Past Climate, Micropaleontology, Biostratigraphy,\u00a0Foramin\u00edfera. &#8212;&#8211; Teaching Collaboration in teaching tasks associated with the Paleontology Area of the University of Salamanca for a minimum of 40 hours per year. Geology, Biology and Environmental Sciences Degrees. &#8212;&#8211; Academic background &#8212;&#8211; 2016-2020\u00a0 \u00a0 \u00a0Geology PhD.\u00a0University &hellip; <a href=\"https:\/\/oceano.usal.es\/en\/azibeiro\/\" class=\"more-link\">Continue reading<span class=\"screen-reader-text\"> &#8220;Luc\u00eda A. Azibeiro&#8221;<\/span><\/a><\/p>\n","protected":false},"author":13,"featured_media":0,"parent":0,"menu_order":0,"comment_status":"closed","ping_status":"closed","template":"","meta":{"footnotes":""},"class_list":["post-1202","page","type-page","status-publish","hentry"],"aioseo_notices":[],"_links":{"self":[{"href":"https:\/\/oceano.usal.es\/en\/wp-json\/wp\/v2\/pages\/1202","targetHints":{"allow":["GET"]}}],"collection":[{"href":"https:\/\/oceano.usal.es\/en\/wp-json\/wp\/v2\/pages"}],"about":[{"href":"https:\/\/oceano.usal.es\/en\/wp-json\/wp\/v2\/types\/page"}],"author":[{"embeddable":true,"href":"https:\/\/oceano.usal.es\/en\/wp-json\/wp\/v2\/users\/13"}],"replies":[{"embeddable":true,"href":"https:\/\/oceano.usal.es\/en\/wp-json\/wp\/v2\/comments?post=1202"}],"version-history":[{"count":53,"href":"https:\/\/oceano.usal.es\/en\/wp-json\/wp\/v2\/pages\/1202\/revisions"}],"predecessor-version":[{"id":1523,"href":"https:\/\/oceano.usal.es\/en\/wp-json\/wp\/v2\/pages\/1202\/revisions\/1523"}],"wp:attachment":[{"href":"https:\/\/oceano.usal.es\/en\/wp-json\/wp\/v2\/media?parent=1202"}],"curies":[{"name":"wp","href":"https:\/\/api.w.org\/{rel}","templated":true}]}}