{"id":1109,"date":"2017-11-08T20:10:46","date_gmt":"2017-11-08T20:10:46","guid":{"rendered":"http:\/\/oceano.usal.es\/?page_id=1109"},"modified":"2021-04-09T08:20:32","modified_gmt":"2021-04-09T08:20:32","slug":"barcena","status":"publish","type":"page","link":"https:\/\/oceano.usal.es\/en\/barcena\/","title":{"rendered":"(Espa\u00f1ol) Mar\u00eda Angeles B\u00e1rcena Pern\u00eda"},"content":{"rendered":"<p class=\"qtranxs-available-languages-message qtranxs-available-languages-message-en\">Sorry, this entry is only available in <a href=\"https:\/\/oceano.usal.es\/es\/wp-json\/wp\/v2\/pages\/1109\" class=\"qtranxs-available-language-link qtranxs-available-language-link-es\" title=\"Espa\u00f1ol\">Espa\u00f1ol<\/a>.<\/p>","protected":false},"excerpt":{"rendered":"<p>Sorry, this entry is only available in Espa\u00f1ol.<\/p>\n","protected":false},"author":13,"featured_media":0,"parent":0,"menu_order":0,"comment_status":"closed","ping_status":"closed","template":"","meta":{"footnotes":""},"class_list":["post-1109","page","type-page","status-publish","hentry"],"aioseo_notices":[],"_links":{"self":[{"href":"https:\/\/oceano.usal.es\/en\/wp-json\/wp\/v2\/pages\/1109","targetHints":{"allow":["GET"]}}],"collection":[{"href":"https:\/\/oceano.usal.es\/en\/wp-json\/wp\/v2\/pages"}],"about":[{"href":"https:\/\/oceano.usal.es\/en\/wp-json\/wp\/v2\/types\/page"}],"author":[{"embeddable":true,"href":"https:\/\/oceano.usal.es\/en\/wp-json\/wp\/v2\/users\/13"}],"replies":[{"embeddable":true,"href":"https:\/\/oceano.usal.es\/en\/wp-json\/wp\/v2\/comments?post=1109"}],"version-history":[{"count":12,"href":"https:\/\/oceano.usal.es\/en\/wp-json\/wp\/v2\/pages\/1109\/revisions"}],"predecessor-version":[{"id":1688,"href":"https:\/\/oceano.usal.es\/en\/wp-json\/wp\/v2\/pages\/1109\/revisions\/1688"}],"wp:attachment":[{"href":"https:\/\/oceano.usal.es\/en\/wp-json\/wp\/v2\/media?parent=1109"}],"curies":[{"name":"wp","href":"https:\/\/api.w.org\/{rel}","templated":true}]}}